{"id":94,"date":"2025-07-12T20:36:26","date_gmt":"2025-07-12T18:36:26","guid":{"rendered":"https:\/\/urosevic1.ddns.net\/blogs\/?page_id=94"},"modified":"2025-12-04T09:45:56","modified_gmt":"2025-12-04T08:45:56","slug":"verkehrsforum-karlsruhe","status":"publish","type":"page","link":"https:\/\/urosevic1.ddns.net\/blogs\/verkehrsforum-karlsruhe\/","title":{"rendered":"Verkehrsforum Karlsruhe"},"content":{"rendered":"\n<figure class=\"wp-block-image aligncenter size-large is-resized\"><img decoding=\"async\" src=\"https:\/\/verkehrsforum-karlsruhe.de\/styles\/default\/xenforo\/Logo.png\" alt=\"\" style=\"width:230px\"\/><\/figure>\n\n\n<ul class=\"has-dates has-authors has-excerpts wp-block-rss\"><li class='wp-block-rss__item'><div class='wp-block-rss__item-title'><a href='https:\/\/verkehrsforum-karlsruhe.de\/threads\/sonderfahrt-hochflurer.855\/'>Sonderfahrt Hochflurer<\/a><\/div><time datetime=\"2026-05-07T14:22:27+02:00\" class=\"wp-block-rss__item-publish-date\">7. May 2026<\/time> <div class=\"wp-block-rss__item-excerpt\">Moin, da Maxka einen Vorschlag gemacht hat, setze ich diesen mal um. Ich war mal so Frech und h\u00e4tte paar Details zusammengefasst. Sonderfahrt mit TW 552 Strecke: S2 und Hardtbahn + VBK Anzahl: ca. 30 Fotografen + 30 Mitfahrer Start: 10 Uhr - Ende ca. 16 Uhr Tag: Sonntag (weniger Regelfahrzeuge) Trinken und Essen bitte selbst mitbringen! Strecke kann variabel noch entschieden werden. Desweiteren brauchen wir 2x Teamleiter die entscheiden mit einer Fotolinie und die Zeit im Auge behalten... Weiterlesen<\/div><\/li><li class='wp-block-rss__item'><div class='wp-block-rss__item-title'><a href='https:\/\/verkehrsforum-karlsruhe.de\/threads\/beruecksichtigung-der-zuglaenge-beim-beschleunigen.861\/'>Ber\u00fccksichtigung der Zugl\u00e4nge beim Beschleunigen<\/a><\/div><time datetime=\"2026-05-06T22:43:18+02:00\" class=\"wp-block-rss__item-publish-date\">6. May 2026<\/time> <div class=\"wp-block-rss__item-excerpt\">So geht es bei der gro\u00dfen Bahn: Frage: Wie geht das bei der AVG? Wenn z.B. ein Zugverband von der Poststra\u00dfe nach Norden abbiegt. Wie wei\u00df der Lokf\u00fchrer, ob er beschleunigen darf, weil auch das letzte Drehgestell die Kurve nach der Haltestelle verlassen hat? Wobei es bei den gelben Bahnen nur 4 m\u00f6gliche L\u00e4ngen gibt: 1 Sechsachser, 2 Sechsachser, 1 Achtachser, 2 Achtachser. Die Kombination aus 8-Achser und 6-Achser habe ich zuletzt bei Hochflur-Stadtbahnen der S1\/S11... Weiterlesen<\/div><\/li><li class='wp-block-rss__item'><div class='wp-block-rss__item-title'><a href='https:\/\/verkehrsforum-karlsruhe.de\/threads\/kurioses.532\/'>Kurioses<\/a><\/div><time datetime=\"2026-05-06T22:27:07+02:00\" class=\"wp-block-rss__item-publish-date\">6. May 2026<\/time> <div class=\"wp-block-rss__item-excerpt\">Inspiriert vom Hauptstadt-Forum dachte ich mir, dass auch diesem Forum ein Thema f\u00fcr alles leicht sonderbare, was sonst nirgendwo richtig reinpasst, nicht schaden k\u00f6nnte\u2026 Und um die Kuriosit\u00e4ten zu beginnen, teile ich direkt einen schnellen Handy-Schnappschuss \u2013 gestern am Ettlinger Stadtbahnhof entstanden: Vielleicht hat die Anzeige bei den ganzen Faschingsumz\u00fcgen in der Gegend einfach in den Fest-Modus gewechselt\u2026 eine vern\u00fcnftige Erkl\u00e4rung, wieso das geschildert wurde, kann... Weiterlesen<\/div><\/li><li class='wp-block-rss__item'><div class='wp-block-rss__item-title'><a href='https:\/\/verkehrsforum-karlsruhe.de\/threads\/baustellen-und-umleitungen-allgemein-im-vbk-netz.82\/'>Baustellen und Umleitungen (Allgemein) im VBK-Netz<\/a><\/div><time datetime=\"2026-05-06T20:51:36+02:00\" class=\"wp-block-rss__item-publish-date\">6. May 2026<\/time> <div class=\"wp-block-rss__item-excerpt\">In diesem Thema soll es haupts\u00e4chlich um anstehende Sperrungen aufgrund von Bauarbeiten und den dazu geh\u00f6rigen Umleitungen gehen. Diese Kategorie hatten wir bereits auch im alten Forum.<\/div><\/li><li class='wp-block-rss__item'><div class='wp-block-rss__item-title'><a href='https:\/\/verkehrsforum-karlsruhe.de\/threads\/fahrgastinformation.297\/'>Fahrgastinformation<\/a><\/div><time datetime=\"2026-05-06T19:30:19+02:00\" class=\"wp-block-rss__item-publish-date\">6. May 2026<\/time> <div class=\"wp-block-rss__item-excerpt\">Hallo ,ich wollte mich nochmal ein bisschen zur Fahgastinformation aus der Vergangenheit und Gegenwart umh\u00f6ren. Vielleicht bekomme ich ein paar Antworten. K\u00f6nnt ihr euch noch an die Zeit erinnern,als es in Bussen und Bahnen noch keine automatische Haltestellenansage gab? Haben bei euch damals die Busfahrer \/Strassenbahnfahrer die Haltestellen konsequent angesagt ? Wie ist es eigentlich heutzutage das automatische Ansagesystem im Fahrzeug ausf\u00e4llt, sagen die Fahrer \u00fcberhaupt noch die... Weiterlesen<\/div><\/li><li class='wp-block-rss__item'><div class='wp-block-rss__item-title'><a href='https:\/\/verkehrsforum-karlsruhe.de\/threads\/fahrplankonzept-karlsruhe-germersheim.794\/'>Fahrplankonzept Karlsruhe-Germersheim<\/a><\/div><time datetime=\"2026-05-06T09:53:13+02:00\" class=\"wp-block-rss__item-publish-date\">6. May 2026<\/time> <div class=\"wp-block-rss__item-excerpt\">Ab 15.12.2025 verkehren am Nachmittag mehr S52-Bahnen zwischen Karlsruhe und Germersheim. Die S52 ist in Germersheim Zu- und Abbringer zum RE4 von\/nach Mainz. In Karlsruhe ist die S52 Zu- und Abbringer zum Knoten 30. Die S3 ist in Karlsruhe Zu- und Abbringer zum ICE-Knoten zur vollen Stunde. Die S51 f\u00e4hrt am Karlsruher Marktplatz zur Minute 07 in Richtung Germersheim ab. Die S52 startet am Marktplatz zur Minute 37. Die S52 verkehrt aufgrund ihres kurzen Laufweges \u00fcber... Weiterlesen<\/div><\/li><li class='wp-block-rss__item'><div class='wp-block-rss__item-title'><a href='https:\/\/verkehrsforum-karlsruhe.de\/threads\/netzplan-sweg.862\/'>Netzplan SWEG<\/a><\/div><time datetime=\"2026-05-06T08:24:25+02:00\" class=\"wp-block-rss__item-publish-date\">6. May 2026<\/time> <div class=\"wp-block-rss__item-excerpt\">gesamtes Netz: https:\/\/www.sweg.de\/fileadmin\/\/user_upload\/pdf\/liniennetzplaene\/sweg-streckenplan.pdf Linie 234\/X34: https:\/\/www.sweg.de\/fileadmin\/\/user_upload\/pdf\/liniennetzplaene\/karlsruhe-rastatt-pforzheim\/_linienplan_linie_234___x34_N.pdf Pforzheim: https:\/\/www.sweg.de\/fileadmin\/\/user_upload\/pdf\/liniennetzplaene\/karlsruhe-rastatt-pforzheim\/liniennetzregional_VPE.pdf Die Linie 107 gibt es doppelt: https:\/\/www.sweg.de\/de\/fahrplan-netz\/fahrplaene\/<\/div><\/li><li class='wp-block-rss__item'><div class='wp-block-rss__item-title'><a href='https:\/\/verkehrsforum-karlsruhe.de\/threads\/relikte-der-mittelbadischen-eisenbahn-seelbach.863\/'>Relikte der Mittelbadischen Eisenbahn: Seelbach<\/a><\/div><time datetime=\"2026-05-05T23:15:48+02:00\" class=\"wp-block-rss__item-publish-date\">5. May 2026<\/time> <div class=\"wp-block-rss__item-excerpt\">Seelbach bei Lahr war der s\u00fcdliche Endpunkt der Schmalspurbahn (Quelle: openstreetmap.org) (Google Maps) (Quelle: Google Maps) (Quelle: schwarzwald.com) (Quelle: schruft.de) Mehr Fotos von der Strecke Lahr - Seelbach: http:\/\/www.schruft.de\/Ex301k_6.htm Weitere Fotos der Strecke: http:\/\/www.schruft.de\/Ex301b_6.htm Eine Besonderheit vom Nordende der Mittelbadischen Eisenbahn bei Rastatt. Auf einer topografischen Karte von 1954... Weiterlesen<\/div><\/li><li class='wp-block-rss__item'><div class='wp-block-rss__item-title'><a href='https:\/\/verkehrsforum-karlsruhe.de\/threads\/so-sandet-man-im-teeland.860\/'>so sandet man im Teeland<\/a><\/div><time datetime=\"2026-05-05T23:10:18+02:00\" class=\"wp-block-rss__item-publish-date\">5. May 2026<\/time> <div class=\"wp-block-rss__item-excerpt\">So sandet man auf schmalspurigen Bergstrecken in Indien in der Teeregion Darjeeling Wie sieht es eigentlich mit dem Einsatz von Sand bei den gelben Bahnen aus? Nur bei Vollbremsungen f\u00fcr aufs Smartphone starrende Fu\u00dfg\u00e4nger, die die reale Welt nicht mehr wahrnehmen? Oder auch bei Bergstrecken, also z.B. auf der Rampe bei der Hardecksiedlung? Wird das Sanden bei der Ausbildung von Fahrern ge\u00fcbt?<\/div><\/li><li class='wp-block-rss__item'><div class='wp-block-rss__item-title'><a href='https:\/\/verkehrsforum-karlsruhe.de\/threads\/re1-karlsruhe-stuttgart.846\/'>RE1 Karlsruhe Stuttgart<\/a><\/div><time datetime=\"2026-05-04T15:58:45+02:00\" class=\"wp-block-rss__item-publish-date\">4. May 2026<\/time> <div class=\"wp-block-rss__item-excerpt\">Hallo in die Runde. Wohin kann man sich denn wenden, damit das Land endlich durchg\u00e4ngig Doppeltraktionen einsetzt auf der Verbindung. Bin gerade auf dem Weg von Stuttgart nach Karlsruhe. Der Zug um 12:32 kam erst 12:50. Der Bahnsteig war gestopft voll, nur ein Teil der Fahrg\u00e4ste konnte mit. Der folgende Zug um 13:00, Abfahrt um 13:22, war aber auch nicht l\u00e4nger, sodass wieder nicht alle mitfahren konnten (aber zumindest fast) Kann man also entweder den Takt verdichten oder zumindest die... Weiterlesen<\/div><\/li><li class='wp-block-rss__item'><div class='wp-block-rss__item-title'><a href='https:\/\/verkehrsforum-karlsruhe.de\/threads\/etarif.111\/'>eTarif<\/a><\/div><time datetime=\"2026-05-03T13:16:20+02:00\" class=\"wp-block-rss__item-publish-date\">3. May 2026<\/time> <div class=\"wp-block-rss__item-excerpt\">Ticket2go wird zum Ende des Jahres seinen Dienst einstellen, womit auch der eTarif eingestellt wird. Der KVV hat bereits seine eTarif-Seite aktualisiert und spricht vom Ende des Pilotprojektes. Man wolle die Erfahrungen bei der zuk\u00fcnftigen Tarifgestaltung beachten. W\u00e4re doch ein optimaler Zeitpunkt den eTarif waben\u00fcbergreifend in der g\u00e4ngigen KVV.mobil App einzuf\u00fchren.<\/div><\/li><li class='wp-block-rss__item'><div class='wp-block-rss__item-title'><a href='https:\/\/verkehrsforum-karlsruhe.de\/threads\/cicobw.859\/'>CiCoBW<\/a><\/div><time datetime=\"2026-04-30T21:10:46+02:00\" class=\"wp-block-rss__item-publish-date\">30. April 2026<\/time> <div class=\"wp-block-rss__item-excerpt\">Gerade in DSO gelesen: Nie mehr als 72 Euro: Land und Verb\u00fcnde f\u00fchren Preisobergrenze bei CiCoBW ein App \u00f6ffnen, wischen und einfach losfahren: Mit CiCoBW wird der Nahverkehr so unkompliziert wie nie. Einsteigen, ankommen, aussteigen \u2013 und nie mehr als 72 Euro im Monat zahlen. Alles dar\u00fcber? Automatisch kostenlos. vm.baden-wuerttemberg.de<\/div><\/li><li class='wp-block-rss__item'><div class='wp-block-rss__item-title'><a href='https:\/\/verkehrsforum-karlsruhe.de\/threads\/reste-anschlussgleis-bruker-meerestechnik.858\/'>Reste Anschlussgleis Bruker Meerestechnik?<\/a><\/div><time datetime=\"2026-04-28T15:08:02+02:00\" class=\"wp-block-rss__item-publish-date\">28. April 2026<\/time> <div class=\"wp-block-rss__item-excerpt\">Da sich der TSNV gelegentlich auf dem Gel\u00e4nde von Bruker Meerestechnik, Wikingerstr. 13, trifft, mal ein paar Fragen und Gedanken. Dort wurden fr\u00fcher einige U-Boote f\u00fcr die Meeresforschung gebaut. Letztes gro\u00dfes Projekt war ein Touristik-U-Boot f\u00fcr die Karibik. Dazu kamen sogar franz\u00f6sischsprachige Azubis nach Karlsruhe. Das U-Boot wurde f\u00fcr Exkursionen zu Korallenriffen gebaut. Der Druckk\u00f6rper wurde in 2 H\u00e4lften gebaut. Rohrleitungen wurden per Hand in die richtige Form gebracht... Weiterlesen<\/div><\/li><li class='wp-block-rss__item'><div class='wp-block-rss__item-title'><a href='https:\/\/verkehrsforum-karlsruhe.de\/threads\/betriebsstoerungen-im-stadtbahn-netz-zweisystem.104\/'>Betriebsst\u00f6rungen im Stadtbahn Netz (Zweisystem)<\/a><\/div><time datetime=\"2026-04-27T21:53:05+02:00\" class=\"wp-block-rss__item-publish-date\">27. April 2026<\/time> <div class=\"wp-block-rss__item-excerpt\">&quot;Streckenst\u00f6rung Bad Wildbad in beiden Richtungen. Betroffene Linie: S6. Ein Busersatz ist nicht eingerichtet. St\u00f6rungsende ca. Montag, 17.07.2019 06:00 Uhr Uhr&quot; Scheint nicht sehr weit her zu sein mit dem Personal f\u00fcr den Busnotverkehr, wenn man mal eben 15h Ausfall hinnehmen muss.<\/div><\/li><li class='wp-block-rss__item'><div class='wp-block-rss__item-title'><a href='https:\/\/verkehrsforum-karlsruhe.de\/threads\/busverkehr-landkreis-calw.856\/'>Busverkehr Landkreis Calw<\/a><\/div><time datetime=\"2026-04-26T20:24:44+02:00\" class=\"wp-block-rss__item-publish-date\">26. April 2026<\/time> <div class=\"wp-block-rss__item-excerpt\">Volz Reisen schreibt auf seiner Website, dass nach 98 Jahren der Betrieb zum 1. August 2026 eingestellt werde. Grund sei u.a. die \u00dcbernahme des Liniengesch\u00e4fts durch die Hermann-Hesse-Bahn. Auch sei es die unternehmerische Freiheit, die durch den zunehmenden Einfluss der \u00f6ffentlichen Hand erheblich eingeschr\u00e4nkt werde. In Nachrichten \u00d6sterreich wird hierzu weiter ausgef\u00fchrt, dass strenge Vorschriften wie Reinigungsanforderungen und Vertragsstrafen das Unternehmen... Weiterlesen<\/div><\/li><li class='wp-block-rss__item'><div class='wp-block-rss__item-title'><a href='https:\/\/verkehrsforum-karlsruhe.de\/threads\/diskrepanz-fahrplanauskunft-db-kvv.423\/'>? Diskrepanz Fahrplanauskunft DB\/KVV<\/a><\/div><time datetime=\"2026-04-26T15:20:35+02:00\" class=\"wp-block-rss__item-publish-date\">26. April 2026<\/time> <div class=\"wp-block-rss__item-excerpt\">Neulich bin ich von Sch\u00f6nm\u00fcnzach \u00fcber den Schurmsee nach Hundsbach gewandert und wollte folgenden Bus zur Heimfahrt nutzen: Deutsche Bahn: bahn.de - reiseauskunft.bahn.de Hundsbach Kirche, Forbach ab 17:53 Bahnhof, Forbach an 18:29 Der Haken dran: Dieser Bus existiert nicht. Er fuhr wohl mal im Mai so (wegen Bauarbeiten?), aber die DB-Auskunft... Weiterlesen<\/div><\/li><li class='wp-block-rss__item'><div class='wp-block-rss__item-title'><a href='https:\/\/verkehrsforum-karlsruhe.de\/threads\/kit-shuttle.806\/'>KIT-Shuttle<\/a><\/div><time datetime=\"2026-04-26T13:05:01+02:00\" class=\"wp-block-rss__item-publish-date\">26. April 2026<\/time> <div class=\"wp-block-rss__item-excerpt\">Das KIT sucht einen neuen Betreiber f\u00fcr den KIT-Shuttlebetrieb Campus Nord - Campus Ost - Campus S\u00fcd. Der Vertrag l\u00e4uft vsl. ab 15.06.2026 5 Jahre mit Option auf Verl\u00e4ngerung um 1 weiteres Jahr. Gem\u00e4\u00df SaubFahrzeugBeschG ist vorgesehen, mindestens 45% der Fahrleistungen mit sauberen Fahrzeugen zu erbringen. Wei\u00df jemand, ob die beiden H2-Citaros, die es bei der VBK meines Wissens nach einst gegeben haben soll, noch existieren und im Einsatz sind? Ich habe ein solches... Weiterlesen<\/div><\/li><li class='wp-block-rss__item'><div class='wp-block-rss__item-title'><a href='https:\/\/verkehrsforum-karlsruhe.de\/threads\/schienenverkehr-und-oepnv-in-karlsruhes-partnerstaedten.857\/'>Schienenverkehr und \u00d6PNV in Karlsruhes Partnerst\u00e4dten<\/a><\/div><time datetime=\"2026-04-25T21:43:33+02:00\" class=\"wp-block-rss__item-publish-date\">25. April 2026<\/time> <div class=\"wp-block-rss__item-excerpt\">1. Phoenix, Arizona, USA - Partnerschaft eingeschlafen Verkehrsgeschichte\u200b Klassische US-Entwicklung: fr\u00fche Streetcars verschwanden Mitte des 20. Jh. zugunsten des Autos. Seit 2008 Renaissance mit Valley Metro Light Rail; inzwischen R\u00fcckgrat regionaler \u00d6PNV-Entwicklung. G\u00fcterverkehr historisch wichtig f\u00fcr Landwirtschaft, Kupfer, Containerlogistik; dominiert durch Union Pacific und Verbindungen zu BNSF. Personenverkehr Light Rail... Weiterlesen<\/div><\/li><li class='wp-block-rss__item'><div class='wp-block-rss__item-title'><a href='https:\/\/verkehrsforum-karlsruhe.de\/threads\/stoerungen-im-db-netz-infrago.468\/'>St\u00f6rungen im DB Netz (InfraGo)<\/a><\/div><time datetime=\"2026-04-25T12:34:11+02:00\" class=\"wp-block-rss__item-publish-date\">25. April 2026<\/time> <div class=\"wp-block-rss__item-excerpt\">St\u00f6rung an der Oberleitungsanlage Karlsruhe Hbf in Richtung S\u00fcden.<\/div><\/li><li class='wp-block-rss__item'><div class='wp-block-rss__item-title'><a href='https:\/\/verkehrsforum-karlsruhe.de\/threads\/betriebsstoerungen-im-strassenbahn-netz.105\/'>Betriebsst\u00f6rungen im Stra\u00dfenbahn Netz<\/a><\/div><time datetime=\"2026-04-23T15:42:48+02:00\" class=\"wp-block-rss__item-publish-date\">23. April 2026<\/time> <div class=\"wp-block-rss__item-excerpt\">Hallo zusammen, da es hier noch keinen Thread \u00fcber St\u00f6rungen im Tram Netz gibt er\u00f6ffne ich diesen einfach mal und mache gleich den Anfang. Nachdem gestern eine Person sich von circa 11:10 Uhr bis 22:33 Uhr auf einem Kran befunden hat und dort einen Selbstmord andeutete, musste der gesamte Hbf Vorplatz in dieser Zeit gesperrt werden, es kam zu gro\u00dfen Auswirkungen im Netz der VBK. Umleitungen wurden wie folgt gefahren: Linie 2 Siemensallee - normaler Fahrweg - Karlstor -... Weiterlesen<\/div><\/li><\/ul>","protected":false},"excerpt":{"rendered":"","protected":false},"author":4,"featured_media":0,"parent":0,"menu_order":0,"comment_status":"closed","ping_status":"closed","template":"","meta":{"_acf_changed":false,"footnotes":""},"class_list":["post-94","page","type-page","status-publish","hentry"],"acf":[],"_links":{"self":[{"href":"https:\/\/urosevic1.ddns.net\/blogs\/wp-json\/wp\/v2\/pages\/94","targetHints":{"allow":["GET"]}}],"collection":[{"href":"https:\/\/urosevic1.ddns.net\/blogs\/wp-json\/wp\/v2\/pages"}],"about":[{"href":"https:\/\/urosevic1.ddns.net\/blogs\/wp-json\/wp\/v2\/types\/page"}],"author":[{"embeddable":true,"href":"https:\/\/urosevic1.ddns.net\/blogs\/wp-json\/wp\/v2\/users\/4"}],"replies":[{"embeddable":true,"href":"https:\/\/urosevic1.ddns.net\/blogs\/wp-json\/wp\/v2\/comments?post=94"}],"version-history":[{"count":3,"href":"https:\/\/urosevic1.ddns.net\/blogs\/wp-json\/wp\/v2\/pages\/94\/revisions"}],"predecessor-version":[{"id":125,"href":"https:\/\/urosevic1.ddns.net\/blogs\/wp-json\/wp\/v2\/pages\/94\/revisions\/125"}],"wp:attachment":[{"href":"https:\/\/urosevic1.ddns.net\/blogs\/wp-json\/wp\/v2\/media?parent=94"}],"curies":[{"name":"wp","href":"https:\/\/api.w.org\/{rel}","templated":true}]}}