{"id":50,"date":"2025-07-07T19:49:02","date_gmt":"2025-07-07T17:49:02","guid":{"rendered":"https:\/\/urosevic1.ddns.net\/blogs\/?page_id=50"},"modified":"2025-12-04T09:43:59","modified_gmt":"2025-12-04T08:43:59","slug":"frankfurt-nahverkehrsforum","status":"publish","type":"page","link":"https:\/\/urosevic1.ddns.net\/blogs\/frankfurt-nahverkehrsforum\/","title":{"rendered":"Frankfurter Nahverkehrsforum"},"content":{"rendered":"\n<figure class=\"wp-block-image aligncenter size-large is-resized\"><img decoding=\"async\" src=\"https:\/\/frankfurter-nahverkehrsforum.de\/images\/styleLogo-b643916ac4ecfd05dd68398f65dbaf265156cd62.png\" alt=\"\" style=\"width:330px\"\/><\/figure>\n\n\n<ul class=\"has-dates has-authors has-excerpts wp-block-rss\"><li class='wp-block-rss__item'><div class='wp-block-rss__item-title'><a href='https:\/\/frankfurter-nahverkehrsforum.de\/forum\/index.php?thread\/28601-neubau-der-eisenbahnbr%C3%BCcke-%C3%BCber-die-m%C3%B6rfelder-landstra%C3%9Fe\/'>Neubau der Eisenbahnbr\u00fccke \u00fcber die M\u00f6rfelder Landstra\u00dfe<\/a><\/div><time datetime=\"2026-05-07T12:42:06+02:00\" class=\"wp-block-rss__item-publish-date\">7. May 2026<\/time> <span class=\"wp-block-rss__item-author\">by Condor<\/span><div class=\"wp-block-rss__item-excerpt\">Mag vielleicht den Eindruck erwecken. Aber es ist halt eine Baustelle mit entsprechenden internen Baustellenverkehr. Dazwischen dann auf jeglichen Individualverkehr aufpassen m\u00fcssen? Den Schuh wird sich kein Verantworlicher anziehen.Ebenso k\u00f6nntest Du\u2026<\/div><\/li><li class='wp-block-rss__item'><div class='wp-block-rss__item-title'><a href='https:\/\/frankfurter-nahverkehrsforum.de\/forum\/index.php?thread\/21152-st%C3%B6rungen-und-sichtungen-bus-bahn\/'>St\u00f6rungen und Sichtungen Bus &amp; Bahn<\/a><\/div><time datetime=\"2026-05-06T22:08:05+02:00\" class=\"wp-block-rss__item-publish-date\">6. May 2026<\/time> <span class=\"wp-block-rss__item-author\">by B80C<\/span><div class=\"wp-block-rss__item-excerpt\">Gestern und heute um 17.30 Uhr mal wieder selbst* verursachtes Chaos am Hbf.Heute: Linie H stadteinw\u00e4rts steht nicht ganz vorne an der Haltestelle - und das Zusteigen dauert eine Ewigkeit. Dahinter Gelenkbus der Linie R, dessen Heck ins Lichtraumprofil\u2026<\/div><\/li><li class='wp-block-rss__item'><div class='wp-block-rss__item-title'><a href='https:\/\/frankfurter-nahverkehrsforum.de\/forum\/index.php?thread\/28502-planungen-oberstadt-weisenau-hechtsheim-ost\/'>Planungen Oberstadt\/Weisenau\/Hechtsheim-Ost<\/a><\/div><time datetime=\"2026-05-06T21:55:46+02:00\" class=\"wp-block-rss__item-publish-date\">6. May 2026<\/time> <span class=\"wp-block-rss__item-author\">by weirouge<\/span><div class=\"wp-block-rss__item-excerpt\">Jetzt geht es ganz schnell: Die Stra\u00dfenbahn auf die Frankenh\u00f6he kommt laut MVG-Projektleiter definitiv, um ganze Buslinien ersetzen zu k\u00f6nnen. Ob \u00fcber die Bodenheimer Stra\u00dfe und den Hewwel oder au\u00dfenrum und \u00fcber Am K\u00fchborn, wird sich kurzfristig\u2026<\/div><\/li><li class='wp-block-rss__item'><div class='wp-block-rss__item-title'><a href='https:\/\/frankfurter-nahverkehrsforum.de\/forum\/index.php?thread\/29391-hsf-termine-2026-sammelthread\/'>HSF-Termine 2026 (Sammelthread)<\/a><\/div><time datetime=\"2026-05-05T23:13:33+02:00\" class=\"wp-block-rss__item-publish-date\">5. May 2026<\/time> <span class=\"wp-block-rss__item-author\">by HSF<\/span><div class=\"wp-block-rss__item-excerpt\">Liebe Freaks &amp; Freunde,diesen Sonntag ist es wieder soweit: Die Tore der Osthalle in Schwanheim werden ge\u00f6ffnet, und zwar anl\u00e4sslich10.05: 60 Jahre U1-WagenVor 60 Jahren wurde in Frankfurt der erste U-Bahnwagen in den Betrieb \u00fcbernommen. Von diesem von\u2026<\/div><\/li><li class='wp-block-rss__item'><div class='wp-block-rss__item-title'><a href='https:\/\/frankfurter-nahverkehrsforum.de\/forum\/index.php?thread\/26635-fernbahntunnel-durch-frankfurt\/'>Fernbahntunnel durch Frankfurt?<\/a><\/div><time datetime=\"2026-05-05T17:40:13+02:00\" class=\"wp-block-rss__item-publish-date\">5. May 2026<\/time> <span class=\"wp-block-rss__item-author\">by Knot-Enloeser<\/span><div class=\"wp-block-rss__item-excerpt\">SPD OffenbachMehr Z\u00fcge pr\u00fcft der RMV OP 2024Unter 4 Linien Hessenexpress auf der Wallauer Spange geht da wohl politisch nichts mehr?!2 sind davon schon seit langem f\u00fcr Darmstadt &quot;reserviert&quot;.Hoffentlich kann der RMV auch die Zugkm bestellen.\u2026<\/div><\/li><li class='wp-block-rss__item'><div class='wp-block-rss__item-title'><a href='https:\/\/frankfurter-nahverkehrsforum.de\/forum\/index.php?thread\/28039-halteposition-hauptwache\/'>Halteposition Hauptwache<\/a><\/div><time datetime=\"2026-05-04T20:24:23+02:00\" class=\"wp-block-rss__item-publish-date\">4. May 2026<\/time> <span class=\"wp-block-rss__item-author\">by Helmut<\/span><div class=\"wp-block-rss__item-excerpt\">Hallo.Seit heute halten Vollz\u00fcge an der Hauptwache Richtung Hauptbahnhof wieder im mittleren und hinterem Bahnsteigbereich.Auch die DFA zeigen, und die Ansagen nennen die ge\u00e4nderte Abfahrtsposition.Das Halteschild f\u00fcr Vollz\u00fcge wurdeneu angebtacht.Die\u2026<\/div><\/li><li class='wp-block-rss__item'><div class='wp-block-rss__item-title'><a href='https:\/\/frankfurter-nahverkehrsforum.de\/forum\/index.php?thread\/28767-rtw-pfa-nord-bauthread\/'>RTW PFA Nord (Bauthread)<\/a><\/div><time datetime=\"2026-05-04T18:07:02+02:00\" class=\"wp-block-rss__item-publish-date\">4. May 2026<\/time> <span class=\"wp-block-rss__item-author\">by main1a<\/span><div class=\"wp-block-rss__item-excerpt\">Die Wilhelm-Fay-Stra\u00dfe, der Hausnummer 60 und der Einm\u00fcndung Elisabethenstra\u00dfe ist seit zw. dem 04.05.2026 und 31.07.2026 gesperrt. Grund hierf\u00fcr ist die nun stattfindende Umverlegung aus dem Baufeld von Versorgungsleitungen.Die zweigleisige RTW-Trasse\u2026<\/div><\/li><li class='wp-block-rss__item'><div class='wp-block-rss__item-title'><a href='https:\/\/frankfurter-nahverkehrsforum.de\/forum\/index.php?thread\/29423-frischer-lack-f%C3%BCr-die-baureihe-423\/'>Frischer Lack f\u00fcr die Baureihe 423<\/a><\/div><time datetime=\"2026-05-04T14:56:45+02:00\" class=\"wp-block-rss__item-publish-date\">4. May 2026<\/time> <span class=\"wp-block-rss__item-author\">by Tim<\/span><div class=\"wp-block-rss__item-excerpt\">Gestern ist mir auch der 423 377 mit neuem Lack aufgefallen, der allerdings den RMV Streifen besitzt, das S-Bahn Logo allerdings nicht.Gestern fuhr er auf dem S6-S\u00fcdtakt: Darmstadt Hbf (FD) 10:35 Uhr - Bad Vilbel (FVL) 11:34 Uhr<\/div><\/li><li class='wp-block-rss__item'><div class='wp-block-rss__item-title'><a href='https:\/\/frankfurter-nahverkehrsforum.de\/forum\/index.php?thread\/29225-fahrzeuge-alpina-transdev\/'>Fahrzeuge Alpina Transdev<\/a><\/div><time datetime=\"2026-05-04T00:26:32+02:00\" class=\"wp-block-rss__item-publish-date\">4. May 2026<\/time> <span class=\"wp-block-rss__item-author\">by PCABusundbahnfan<\/span><div class=\"wp-block-rss__item-excerpt\">(Zitat von PCABusundbahnfan)Hier w\u00e4ren noch weitere Infos bei interesse. Die T\u00fcren 2 und 3 wurden beim 4562 ausgetauscht, so haben sie nicht mehr den griff und endlich T\u00fcrfreigabekn\u00f6pfe<\/div><\/li><li class='wp-block-rss__item'><div class='wp-block-rss__item-title'><a href='https:\/\/frankfurter-nahverkehrsforum.de\/forum\/index.php?thread\/25756-sammelthread-bauarbeiten-auf-der-a-d-strecke-linien-u1-bis-u3-und-u8-u9\/'>Sammelthread: Bauarbeiten auf der A-\/D-Strecke - Linien U1 bis U3 und U8\/U9<\/a><\/div><time datetime=\"2026-05-03T10:25:16+02:00\" class=\"wp-block-rss__item-publish-date\">3. May 2026<\/time> <span class=\"wp-block-rss__item-author\">by baeuchle<\/span><div class=\"wp-block-rss__item-excerpt\">(Zitat von bernem)Die Statik wurde nicht abgenommen, deshalb wurden die Arbeiten verschoben.<\/div><\/li><li class='wp-block-rss__item'><div class='wp-block-rss__item-title'><a href='https:\/\/frankfurter-nahverkehrsforum.de\/forum\/index.php?thread\/29438-02-03-05-2026-fahrleitungsarbeiten-wittelsbacherallee-tram-14-w-endet-am-zoo-und\/'>02. + 03.05.2026: Fahrleitungsarbeiten Wittelsbacherallee \u2013 Tram 14 (w)endet am Zoo und Ebbel-Ex f\u00e4hrt auf ge\u00e4nderter Route<\/a><\/div><time datetime=\"2026-05-03T08:54:23+02:00\" class=\"wp-block-rss__item-publish-date\">3. May 2026<\/time> <span class=\"wp-block-rss__item-author\">by bernem<\/span><div class=\"wp-block-rss__item-excerpt\">(Zitat von Helmut)Bei einer fr\u00fcheren Streckensperrung in gleicher Dimension wurde der Metrobus M34 von Bornheim Mitte bis zum Zoo verl\u00e4ngert, aktuell geht dies wegen Bauarbeiten nicht, weswegen auch der Bus 31 zum Allerheiligentor f\u00e4hrt und der\u2026<\/div><\/li><li class='wp-block-rss__item'><div class='wp-block-rss__item-title'><a href='https:\/\/frankfurter-nahverkehrsforum.de\/forum\/index.php?thread\/28986-st%C3%B6rungen-main-neckar-bahn\/'>St\u00f6rungen Main-Neckar-Bahn<\/a><\/div><time datetime=\"2026-05-02T18:08:38+02:00\" class=\"wp-block-rss__item-publish-date\">2. May 2026<\/time> <span class=\"wp-block-rss__item-author\">by B80C<\/span><div class=\"wp-block-rss__item-excerpt\">(Zitat von Darkside) Es gibt jede Menge h\u00e4ufiger &quot;Einzelf\u00e4lle&quot; im System Bahn. Beispiele:Ausf\u00e4lle, Versp\u00e4tung, Probleme, also Kundenunzufriedenheit wegenversp\u00e4teter Bereitstellung des Zuges versp\u00e4tetem Eintreffen des PersonalsVersp\u00e4tung des\u2026<\/div><\/li><li class='wp-block-rss__item'><div class='wp-block-rss__item-title'><a href='https:\/\/frankfurter-nahverkehrsforum.de\/forum\/index.php?thread\/27094-modernisierung-des-bf-friedrichsdorf\/'>Modernisierung des Bf Friedrichsdorf<\/a><\/div><time datetime=\"2026-05-01T18:46:47+02:00\" class=\"wp-block-rss__item-publish-date\">1. May 2026<\/time> <span class=\"wp-block-rss__item-author\">by BR462_Desiro HC<\/span><div class=\"wp-block-rss__item-excerpt\">Im Bahnhof Friedrichsdorf werden in der Unterf\u00fchrung nun &quot;bunte Streifen&quot; installiert. Auch die provisorischen Holzverkleidungen werden weniger. Insgesamt wirkt es nun viel einladender (wenn man bei Unterf\u00fchrungen davon sprechen kann )Gr\u00fc\u00dfe<\/div><\/li><li class='wp-block-rss__item'><div class='wp-block-rss__item-title'><a href='https:\/\/frankfurter-nahverkehrsforum.de\/forum\/index.php?thread\/28531-hu-hsb-hanau-aktuelles\/'>[HU] HSB Hanau - Aktuelles<\/a><\/div><time datetime=\"2026-05-01T07:56:09+02:00\" class=\"wp-block-rss__item-publish-date\">1. May 2026<\/time> <span class=\"wp-block-rss__item-author\">by LINIE 5<\/span><div class=\"wp-block-rss__item-excerpt\">Bereits am Dienstag (28.04.) wurde Wagen 29 in einen Verkehrsunfall verwickelt.Hier der Artikel der Osthessen News:Vier Verletzte: Linienbus kracht erst in Transporter und danach in eine Mauer<\/div><\/li><li class='wp-block-rss__item'><div class='wp-block-rss__item-title'><a href='https:\/\/frankfurter-nahverkehrsforum.de\/forum\/index.php?thread\/28402-vias-betreibt-neue-express-verbindung-zwischen-frankfurt-rheingau-und-koblenz\/'>VIAS betreibt neue Express-Verbindung zwischen Frankfurt, Rheingau und Koblenz<\/a><\/div><time datetime=\"2026-04-30T21:58:56+02:00\" class=\"wp-block-rss__item-publish-date\">30. April 2026<\/time> <span class=\"wp-block-rss__item-author\">by Ole<\/span><div class=\"wp-block-rss__item-excerpt\">(Zitat von NITS_shu)ja, d\u00fcrfte einer der neubestellten sein. Allerdings hat man sich doch gegen T\u00fcrfl\u00fcgel in T\u00fcrkis ausgesprochen.<\/div><\/li><li class='wp-block-rss__item'><div class='wp-block-rss__item-title'><a href='https:\/\/frankfurter-nahverkehrsforum.de\/forum\/index.php?thread\/29306-fahrplan-2026\/'>Fahrplan 2026<\/a><\/div><time datetime=\"2026-04-30T14:29:10+02:00\" class=\"wp-block-rss__item-publish-date\">30. April 2026<\/time> <span class=\"wp-block-rss__item-author\">by olieisenbahn<\/span><div class=\"wp-block-rss__item-excerpt\">(Zitat von olieisenbahn)Wir hatten ja \u00fcber die obenstehende Fahrplantrasse diskutiert. Ab 01. Mai 2026 - und zun\u00e4chst bis 13. Juni 2026 - f\u00e4hrt (wie auch hier im Forum schon vermutet) Montags und Donnerstags bis Sonntags Flixtrain FLX 1236 von\u2026<\/div><\/li><li class='wp-block-rss__item'><div class='wp-block-rss__item-title'><a href='https:\/\/frankfurter-nahverkehrsforum.de\/forum\/index.php?thread\/26001-bahn-frei-f%C3%BCr-die-brennstoffzelle\/'>Bahn frei f\u00fcr die Brennstoffzelle<\/a><\/div><time datetime=\"2026-04-30T12:57:51+02:00\" class=\"wp-block-rss__item-publish-date\">30. April 2026<\/time> <span class=\"wp-block-rss__item-author\">by baeuchle<\/span><div class=\"wp-block-rss__item-excerpt\">Siehe dann mal hier.<\/div><\/li><li class='wp-block-rss__item'><div class='wp-block-rss__item-title'><a href='https:\/\/frankfurter-nahverkehrsforum.de\/forum\/index.php?thread\/29389-minister-mansoori-will-fahrscheinkontrollen-am-bahnhof\/'>Minister Mansoori will Fahrscheinkontrollen am Bahnhof<\/a><\/div><time datetime=\"2026-04-29T17:31:23+02:00\" class=\"wp-block-rss__item-publish-date\">29. April 2026<\/time> <span class=\"wp-block-rss__item-author\">by John2<\/span><div class=\"wp-block-rss__item-excerpt\">(Zitat von Wasserwirt)Ich habe Dich auf eine kurze Pressemitteilung verwiesen, die in k\u00fcrzester Zeit (5-10Minuten) gelesen werden kann. Protokolle von Ausschusssitzungen sind hingegen recht lang, und erfordern unter Umst\u00e4nden Stunden sie durchzuarbeiten,\u2026<\/div><\/li><li class='wp-block-rss__item'><div class='wp-block-rss__item-title'><a href='https:\/\/frankfurter-nahverkehrsforum.de\/forum\/index.php?thread\/29242-s-bahn-teilnetz-gallus-interimsweise-direktvergabe-an-db-regio-ag-s-bahn-rhein-m\/'>S-Bahn-Teilnetz Gallus: interimsweise Direktvergabe  an DB-Regio AG S-Bahn Rhein-Main<\/a><\/div><time datetime=\"2026-04-29T08:21:10+02:00\" class=\"wp-block-rss__item-publish-date\">29. April 2026<\/time> <span class=\"wp-block-rss__item-author\">by Reinhard<\/span><div class=\"wp-block-rss__item-excerpt\">(Zitat von Kuchen125)Ich habe die Antwort jetzt erst gesehen. Meine R\u00fcckantwort: F\u00fcr Frankfurt Hbf - Friedberg gibt es andere Z\u00fcge, aber von Eschersheim gibt es doch eine Menge Fahrg\u00e4ste stadtausw\u00e4rts, die sicher nicht alle in Bad Vilbel wieder\u2026<\/div><\/li><li class='wp-block-rss__item'><div class='wp-block-rss__item-title'><a href='https:\/\/frankfurter-nahverkehrsforum.de\/forum\/index.php?thread\/29352-m60-haltestelle-heerstra%C3%9Fe-in-die-heerstra%C3%9Fe-verlegt\/'>M60 Haltestelle &quot;Heerstra\u00dfe&quot; in die Heerstra\u00dfe verlegt<\/a><\/div><time datetime=\"2026-04-28T18:47:23+02:00\" class=\"wp-block-rss__item-publish-date\">28. April 2026<\/time> <span class=\"wp-block-rss__item-author\">by K-Wagen<\/span><div class=\"wp-block-rss__item-excerpt\">Wie vermutet, wurde die Schienenzufahrt zur Stzw erneuert:<\/div><\/li><\/ul>","protected":false},"excerpt":{"rendered":"","protected":false},"author":4,"featured_media":0,"parent":0,"menu_order":0,"comment_status":"closed","ping_status":"closed","template":"","meta":{"_acf_changed":false,"footnotes":""},"class_list":["post-50","page","type-page","status-publish","hentry"],"acf":[],"_links":{"self":[{"href":"https:\/\/urosevic1.ddns.net\/blogs\/wp-json\/wp\/v2\/pages\/50","targetHints":{"allow":["GET"]}}],"collection":[{"href":"https:\/\/urosevic1.ddns.net\/blogs\/wp-json\/wp\/v2\/pages"}],"about":[{"href":"https:\/\/urosevic1.ddns.net\/blogs\/wp-json\/wp\/v2\/types\/page"}],"author":[{"embeddable":true,"href":"https:\/\/urosevic1.ddns.net\/blogs\/wp-json\/wp\/v2\/users\/4"}],"replies":[{"embeddable":true,"href":"https:\/\/urosevic1.ddns.net\/blogs\/wp-json\/wp\/v2\/comments?post=50"}],"version-history":[{"count":6,"href":"https:\/\/urosevic1.ddns.net\/blogs\/wp-json\/wp\/v2\/pages\/50\/revisions"}],"predecessor-version":[{"id":123,"href":"https:\/\/urosevic1.ddns.net\/blogs\/wp-json\/wp\/v2\/pages\/50\/revisions\/123"}],"wp:attachment":[{"href":"https:\/\/urosevic1.ddns.net\/blogs\/wp-json\/wp\/v2\/media?parent=50"}],"curies":[{"name":"wp","href":"https:\/\/api.w.org\/{rel}","templated":true}]}}