{"id":104,"date":"2025-09-18T09:33:27","date_gmt":"2025-09-18T07:33:27","guid":{"rendered":"https:\/\/urosevic1.ddns.net\/blogs\/?page_id=104"},"modified":"2025-12-11T09:20:25","modified_gmt":"2025-12-11T08:20:25","slug":"uni-mainz","status":"publish","type":"page","link":"https:\/\/urosevic1.ddns.net\/blogs\/uni-mainz\/","title":{"rendered":"Uni-Mainz \/ FB03"},"content":{"rendered":"\n<figure class=\"wp-block-image aligncenter size-large is-resized\"><img decoding=\"async\" src=\"https:\/\/cdn.zdv.uni-mainz.de\/web\/assets\/logo_uni-mainz_condensed_grey.svg\" alt=\"\" style=\"width:230px\"\/><\/figure>\n\n\n<ul class=\"has-dates has-authors has-excerpts wp-block-rss\"><li class='wp-block-rss__item'><div class='wp-block-rss__item-title'><a href='https:\/\/wiwi.uni-mainz.de\/2026\/04\/28\/philipp-terhoerst-an-die-jgu-mainz-berufen\/'>Professor Dr.-Ing. Philipp Terh\u00f6rst an die JGU Mainz berufen<\/a><\/div><time datetime=\"2026-04-28T12:54:20+02:00\" class=\"wp-block-rss__item-publish-date\">28. April 2026<\/time> <span class=\"wp-block-rss__item-author\">by Kai Pastor<\/span><div class=\"wp-block-rss__item-excerpt\">Seit dem 1. April 2026 ist Professor Dr.-Ing. Philipp Terh\u00f6rst Universit\u00e4tsprofessor f\u00fcr Wirtschaftsinformatik an der Johannes Gutenberg-Universit\u00e4t Mainz. Seine Forschungsschwerpunkte liegen in den Bereichen vertrauensw\u00fcrdige K\u00fcnstliche Intelligenz und biometrische Systeme. Professor Terh\u00f6rst befasst sich mit der Frage, wie KI-Systeme so entwickelt und eingesetzt werden k\u00f6nnen, dass sie verl\u00e4sslich, nachvollziehbar und gesellschaftlich verantwortbar sind. Im Mittelpunkt [&hellip;]<\/div><\/li><li class='wp-block-rss__item'><div class='wp-block-rss__item-title'><a href='https:\/\/jura.uni-mainz.de\/2026\/04\/28\/wanderausstellung-juedische-juristinnen-und-juristinnen-juedischer-herkunft\/'>Wanderausstellung \u201eJ\u00fcdische Juristinnen und Juristinnen j\u00fcdischer Herkunft\u201c<\/a><\/div><time datetime=\"2026-04-28T09:05:34+02:00\" class=\"wp-block-rss__item-publish-date\">28. April 2026<\/time> <span class=\"wp-block-rss__item-author\">by Kai Pastor<\/span><div class=\"wp-block-rss__item-excerpt\">Die Wanderausstellung des Deutschen Juristinnenbundes zum Thema \u201eJ\u00fcdische Juristinnen und Juristinnen j\u00fcdischer Herkunft\u201c portr\u00e4tiert 17 Frauen, die viele weitere j\u00fcdische oder von den Nationalsozialisten als j\u00fcdisch verfolgte Juristinnen der ersten Juristinnengeneration repr\u00e4sentieren. Erg\u00e4nzt werden die Biografien durch Tafeln u.a. mit Erl\u00e4uterungen zur Zulassung von Frauen zu den juristischen Berufen, zur Gr\u00fcndung des Deutschen Juristinnenvereins 1914, [&hellip;]<\/div><\/li><li class='wp-block-rss__item'><div class='wp-block-rss__item-title'><a href='https:\/\/rewi.uni-mainz.de\/2026\/04\/22\/wahl-des-dekans-und-prodekans\/'>Wahl des Dekans und Prodekans<\/a><\/div><time datetime=\"2026-04-22T16:33:21+02:00\" class=\"wp-block-rss__item-publish-date\">22. April 2026<\/time> <span class=\"wp-block-rss__item-author\">by Kai Pastor<\/span><div class=\"wp-block-rss__item-excerpt\">Der Fachbereichsrat des FB 03 hat in seiner Sitzung am 22.4.26 Herrn Univ.-Prof. Dr. Philipp Harms zum Dekan und Herrn Univ.-Prof. Dr. Jan Zopfs zum Prodekan gew\u00e4hlt. Beide haben ihr Amt angetreten.<\/div><\/li><li class='wp-block-rss__item'><div class='wp-block-rss__item-title'><a href='https:\/\/jura.uni-mainz.de\/2026\/04\/10\/tag-der-lehre-2026-ns-und-sed-unrecht-im-mainzer-jurastudium\/'>5.5.26: Tag der Lehre zur Integration von Themen des NS- und SED-Unrechts in das Mainzer Jurastudium<\/a><\/div><time datetime=\"2026-04-10T13:36:01+02:00\" class=\"wp-block-rss__item-publish-date\">10. April 2026<\/time> <span class=\"wp-block-rss__item-author\">by Kai Pastor<\/span><div class=\"wp-block-rss__item-excerpt\">Am Dienstag, 5. Mai 2026, findet an der JGU der erste Tag der Lehre der juristischen Abteilung statt. Der Tag der Lehre ist ein vom Gutenberg-Lehrkolleg gef\u00f6rdertes Format zum fachinternen Austausch \u00fcber Fragen der Lehre. Thema der Veranstaltung ist: Wie kann der gesetzliche Auftrag nach \u00a7 5a II 3 DRiG zur Auseinandersetzung mit dem nationalsozialistischen [&hellip;]<\/div><\/li><li class='wp-block-rss__item'><div class='wp-block-rss__item-title'><a href='https:\/\/wiwi.uni-mainz.de\/2026\/04\/09\/neuer-bachelor-studiengang-wirtschaftsinformatik-data-science-maschinelles-lernen\/'>Neuer Bachelor-Studiengang Wirtschaftsinformatik \u2013 Data Science &amp; Maschinelles Lernen<\/a><\/div><time datetime=\"2026-04-09T18:29:14+02:00\" class=\"wp-block-rss__item-publish-date\">9. April 2026<\/time> <span class=\"wp-block-rss__item-author\">by Kai Pastor<\/span><div class=\"wp-block-rss__item-excerpt\">Ab dem Wintersemester 2026\/2027 bietet der Fachbereich Rechts- und Wirtschaftswissenschaften einen neuen\u00a0Studiengang Wirtschaftsinformatik (B.Sc.)\u00a0an. Der\u00a0Bachelorstudiengang Wirtschaftsinformatik\u00a0verbindet betriebswirtschaftliche Fragestellungen mit modernen Methoden des\u00a0Data Science, des Maschinellen Lernens und der datengetriebener Entscheidungsfindung. Ziel ist es, Studierende darauf vorzubereiten, Daten systematisch zu analysieren und K\u00fcnstliche Intelligenz verantwortungsvoll in Unternehmen einzusetzen. Der Studiengang ist interdisziplin\u00e4r aufgebaut und vereint Inhalte [&hellip;]<\/div><\/li><li class='wp-block-rss__item'><div class='wp-block-rss__item-title'><a href='https:\/\/jura.uni-mainz.de\/2026\/04\/05\/blockseminar-klimaschutz-vor-internationalen-gerichten-von-herrn-dr-andreas-kulick\/'>Blockseminar ,,Klimaschutz vor internationalen Gerichten&quot; von Herrn Prof. Dr. Andreas Kulick<\/a><\/div><time datetime=\"2026-04-05T09:56:14+02:00\" class=\"wp-block-rss__item-publish-date\">5. April 2026<\/time> <span class=\"wp-block-rss__item-author\">by Kai Pastor<\/span><div class=\"wp-block-rss__item-excerpt\">Eine Vorbesprechung wird am Mittwoch, 15.April 2026, um 16 Uhr c.t. in Raum HS VI (00 311) stattfinden. Weitere Informationen<\/div><\/li><li class='wp-block-rss__item'><div class='wp-block-rss__item-title'><a href='https:\/\/jura.uni-mainz.de\/2026\/04\/05\/aufruf-zur-teilnahme-am-deutsch-polnisch-ukrainischen-trialogseminar\/'>Aufruf zur Teilnahme am deutsch-polnisch-ukrainischen Trialogseminar<\/a><\/div><time datetime=\"2026-04-05T09:51:17+02:00\" class=\"wp-block-rss__item-publish-date\">5. April 2026<\/time> <span class=\"wp-block-rss__item-author\">by Kai Pastor<\/span><div class=\"wp-block-rss__item-excerpt\">Am 19. und 20. Juni 2026 findet das n\u00e4chste deutsch-polnisch-ukrainische Trialogseminar in Krakau statt. Am Trialogseminar beteiligen sich Studierende der Universit\u00e4ten Heidelberg, Mainz, Krakau und Kiew unter der Leitung von Professor Dr. Dr. h.c. Peter-Christian M\u00fcller-Graff (Heidelberg), Professor Dr. Krzysztof Oplustil (Krakau) und Professor Dr. Andreas Kulick (Mainz). Von Mainzer Seite suchen wir drei Studierende, [&hellip;]<\/div><\/li><li class='wp-block-rss__item'><div class='wp-block-rss__item-title'><a href='https:\/\/jura.uni-mainz.de\/2026\/02\/09\/joshua-kriesmann-in-das-gutenberg-academy-fellows-program-aufgenommen\/'>Joshua Kriesmann in das Gutenberg Academy Fellows Program aufgenommen<\/a><\/div><time datetime=\"2026-02-09T18:00:18+01:00\" class=\"wp-block-rss__item-publish-date\">9. February 2026<\/time> <span class=\"wp-block-rss__item-author\">by Kai Pastor<\/span><div class=\"wp-block-rss__item-excerpt\">Joshua Kriesmann, Doktorand im V\u00f6lkerrecht bei Professor Dr. Andreas Kulick, wurde in das Gutenberg Academy Fellows Program aufgenommen. Weitere Informationen hier.<\/div><\/li><li class='wp-block-rss__item'><div class='wp-block-rss__item-title'><a href='https:\/\/wiwi.uni-mainz.de\/2026\/02\/02\/markus-eyting-in-die-junge-akademie-mainz-aufgenommen\/'>Markus Eyting in die Junge Akademie | Mainz aufgenommen<\/a><\/div><time datetime=\"2026-02-02T20:42:54+01:00\" class=\"wp-block-rss__item-publish-date\">2. February 2026<\/time> <span class=\"wp-block-rss__item-author\">by Kai Pastor<\/span><div class=\"wp-block-rss__item-excerpt\">Markus Eyting, Postdoktorand an der Professur f\u00fcr Digital Economics, wurde in die Junge Akademie | Mainz aufgenommen. Er geh\u00f6rt damit zu den 50 neu berufenen Mitgliedern der Kohorte 2026. Die Junge Akademie der Akademie der Wissenschaften und der Literatur f\u00f6rdert herausragende Wissenschaftler:innen sowie Literatur- und Musikschaffende aus ganz Deutschland und steht f\u00fcr interdisziplin\u00e4ren Austausch auf [&hellip;]<\/div><\/li><li class='wp-block-rss__item'><div class='wp-block-rss__item-title'><a href='https:\/\/wiwi.uni-mainz.de\/2026\/01\/28\/28-januar-1100-uhr-qdem-information-event-online\/'>28. Januar 11:00 Uhr: QDEM Information Event \u2013 online<\/a><\/div><time datetime=\"2026-01-28T11:17:18+01:00\" class=\"wp-block-rss__item-publish-date\">28. January 2026<\/time> <span class=\"wp-block-rss__item-author\">by Kai Pastor<\/span><div class=\"wp-block-rss__item-excerpt\">Sie interessieren sich f\u00fcr ein Studium des Masterprogramms QDEM? Am 28. Januar 2026 um 11 Uhr findet eine Online-Informationsveranstaltung statt.<\/div><\/li><\/ul>","protected":false},"excerpt":{"rendered":"","protected":false},"author":4,"featured_media":0,"parent":0,"menu_order":0,"comment_status":"closed","ping_status":"closed","template":"","meta":{"_acf_changed":false,"footnotes":""},"class_list":["post-104","page","type-page","status-publish","hentry"],"acf":[],"_links":{"self":[{"href":"https:\/\/urosevic1.ddns.net\/blogs\/wp-json\/wp\/v2\/pages\/104","targetHints":{"allow":["GET"]}}],"collection":[{"href":"https:\/\/urosevic1.ddns.net\/blogs\/wp-json\/wp\/v2\/pages"}],"about":[{"href":"https:\/\/urosevic1.ddns.net\/blogs\/wp-json\/wp\/v2\/types\/page"}],"author":[{"embeddable":true,"href":"https:\/\/urosevic1.ddns.net\/blogs\/wp-json\/wp\/v2\/users\/4"}],"replies":[{"embeddable":true,"href":"https:\/\/urosevic1.ddns.net\/blogs\/wp-json\/wp\/v2\/comments?post=104"}],"version-history":[{"count":4,"href":"https:\/\/urosevic1.ddns.net\/blogs\/wp-json\/wp\/v2\/pages\/104\/revisions"}],"predecessor-version":[{"id":126,"href":"https:\/\/urosevic1.ddns.net\/blogs\/wp-json\/wp\/v2\/pages\/104\/revisions\/126"}],"wp:attachment":[{"href":"https:\/\/urosevic1.ddns.net\/blogs\/wp-json\/wp\/v2\/media?parent=104"}],"curies":[{"name":"wp","href":"https:\/\/api.w.org\/{rel}","templated":true}]}}